{"id":162,"date":"2021-09-13T00:30:08","date_gmt":"2021-09-13T00:30:08","guid":{"rendered":"https:\/\/linkua.mx\/?page_id=162"},"modified":"2023-04-01T01:31:03","modified_gmt":"2023-04-01T01:31:03","slug":"blog","status":"publish","type":"page","link":"https:\/\/linkua.mx\/en\/blog\/","title":{"rendered":"(Espa\u00f1ol) Blog"},"content":{"rendered":"\t\t<div data-elementor-type=\"wp-page\" data-elementor-id=\"162\" class=\"elementor elementor-162\">\n\t\t\t\t\t\t<section class=\"elementor-section elementor-top-section elementor-element elementor-element-42b7ba8 elementor-section-boxed elementor-section-height-default elementor-section-height-default\" data-id=\"42b7ba8\" data-element_type=\"section\" data-e-type=\"section\">\n\t\t\t\t\t\t<div class=\"elementor-container elementor-column-gap-default\">\n\t\t\t\t\t<div class=\"elementor-column elementor-col-100 elementor-top-column elementor-element elementor-element-fdc847e\" data-id=\"fdc847e\" data-element_type=\"column\" data-e-type=\"column\">\n\t\t\t<div class=\"elementor-widget-wrap elementor-element-populated\">\n\t\t\t\t\t\t<div class=\"elementor-element elementor-element-151aeb9 elementor-grid-eael-col-4 elementor-grid-tablet-eael-col-2 elementor-grid-mobile-eael-col-1 elementor-widget elementor-widget-eael-post-grid\" data-id=\"151aeb9\" data-element_type=\"widget\" data-e-type=\"widget\" data-settings=\"{&quot;eael_post_grid_columns&quot;:&quot;eael-col-4&quot;,&quot;eael_post_grid_columns_tablet&quot;:&quot;eael-col-2&quot;,&quot;eael_post_grid_columns_mobile&quot;:&quot;eael-col-1&quot;}\" data-widget_type=\"eael-post-grid.default\">\n\t\t\t\t<div class=\"elementor-widget-container\">\n\t\t\t\t\t<div id=\"eael-post-grid-151aeb9\" class=\"eael-post-grid-container\">\n            <div class=\"eael-post-grid eael-post-appender eael-post-appender-151aeb9 eael-post-grid-style-one\" data-layout-mode=\"masonry\"><article class=\"eael-grid-post  eael-post-grid-column eael-pg-post-298 category-estrategias\" data-id=\"298\">\n        <div class=\"eael-grid-post-holder\">\n            <div class=\"eael-grid-post-holder-inner\"><div class=\"eael-entry-media\"><div class=\"eael-entry-overlay fade-in\"><i class=\"fas fa-long-arrow-alt-right\" aria-hidden=\"true\"><\/i><a href=\"https:\/\/linkua.mx\/en\/estrategias-para-un-mejor-y-mas-efectivo-aprendizaje-de-idiomas\/\"><\/a><\/div><div class=\"eael-entry-thumbnail \">\n                <img fetchpriority=\"high\" decoding=\"async\" width=\"300\" height=\"300\" src=\"https:\/\/linkua.mx\/wp-content\/uploads\/2021\/10\/15D42AEB-1C41-454C-9EC7-A874D48C1CC4-300x300.jpeg\" class=\"attachment-medium size-medium wp-image-306\" alt=\"\" srcset=\"https:\/\/linkua.mx\/wp-content\/uploads\/2021\/10\/15D42AEB-1C41-454C-9EC7-A874D48C1CC4-300x300.jpeg 300w, https:\/\/linkua.mx\/wp-content\/uploads\/2021\/10\/15D42AEB-1C41-454C-9EC7-A874D48C1CC4-1024x1024.jpeg 1024w, https:\/\/linkua.mx\/wp-content\/uploads\/2021\/10\/15D42AEB-1C41-454C-9EC7-A874D48C1CC4-150x150.jpeg 150w, https:\/\/linkua.mx\/wp-content\/uploads\/2021\/10\/15D42AEB-1C41-454C-9EC7-A874D48C1CC4-768x768.jpeg 768w, https:\/\/linkua.mx\/wp-content\/uploads\/2021\/10\/15D42AEB-1C41-454C-9EC7-A874D48C1CC4-700x700.jpeg 700w, https:\/\/linkua.mx\/wp-content\/uploads\/2021\/10\/15D42AEB-1C41-454C-9EC7-A874D48C1CC4.jpeg 1067w\" sizes=\"(max-width: 300px) 100vw, 300px\" \/>\n            <\/div>\n        <\/div><div class=\"eael-entry-wrapper\"><header class=\"eael-entry-header\"><h2 class=\"eael-entry-title\"><a class=\"eael-grid-post-link\" href=\"https:\/\/linkua.mx\/en\/estrategias-para-un-mejor-y-mas-efectivo-aprendizaje-de-idiomas\/\" title=\"(Espa\u00f1ol) ESTRATEGIAS PARA UN MEJOR Y M\u00c1S EFECTIVO APRENDIZAJE DE IDIOMAS\">(Espa\u00f1ol) ESTRATEGIAS PARA UN MEJOR Y M\u00c1S EFECTIVO APRENDIZAJE DE IDIOMAS<\/a><\/h2><\/header><div class=\"eael-entry-content\">\n                        <div class=\"eael-grid-post-excerpt\"><p>Sorry, this entry is only available in Espa\u00f1ol.<\/p><a href=\"https:\/\/linkua.mx\/en\/estrategias-para-un-mejor-y-mas-efectivo-aprendizaje-de-idiomas\/\" class=\"eael-post-elements-readmore-btn\">Leer m\u00e1s<\/a><\/div>\n                    <\/div><div class=\"eael-entry-footer\"><div class=\"eael-author-avatar\"><a href=\"https:\/\/linkua.mx\/en\/author\/imelda\/\"><img alt='Linkua' src='https:\/\/secure.gravatar.com\/avatar\/e19b33c467aa7df6a9b619ecf30bc887?s=96&#038;d=mm&#038;r=g' srcset='https:\/\/secure.gravatar.com\/avatar\/e19b33c467aa7df6a9b619ecf30bc887?s=192&#038;d=mm&#038;r=g 2x' class='avatar avatar-96 photo' height='96' width='96' \/><\/a><\/div><div class=\"eael-entry-meta\"><span class=\"eael-posted-by\"><a href=\"https:\/\/linkua.mx\/en\/author\/imelda\/\" title=\"Posts by Linkua\" rel=\"author\">Linkua<\/a><\/span><span class=\"eael-posted-on\"><time datetime=\"Monday October 25th, 2021\">Monday October 25th, 2021<\/time><\/span><\/div><\/div><\/div><\/div>\n        <\/div>\n    <\/article><article class=\"eael-grid-post  eael-post-grid-column eael-pg-post-173 category-idiomas\" data-id=\"173\">\n        <div class=\"eael-grid-post-holder\">\n            <div class=\"eael-grid-post-holder-inner\"><div class=\"eael-entry-media\"><div class=\"eael-entry-overlay fade-in\"><i class=\"fas fa-long-arrow-alt-right\" aria-hidden=\"true\"><\/i><a href=\"https:\/\/linkua.mx\/en\/aprendiendo-idiomas-con-la-ayuda-de-netflix-y-youtube\/\"><\/a><\/div><div class=\"eael-entry-thumbnail \">\n                <img decoding=\"async\" width=\"300\" height=\"200\" src=\"https:\/\/linkua.mx\/wp-content\/uploads\/2021\/09\/LingQ-iPhone-Examples-300x200.jpeg\" class=\"attachment-medium size-medium wp-image-176\" alt=\"\" srcset=\"https:\/\/linkua.mx\/wp-content\/uploads\/2021\/09\/LingQ-iPhone-Examples-300x200.jpeg 300w, https:\/\/linkua.mx\/wp-content\/uploads\/2021\/09\/LingQ-iPhone-Examples.jpeg 610w\" sizes=\"(max-width: 300px) 100vw, 300px\" \/>\n            <\/div>\n        <\/div><div class=\"eael-entry-wrapper\"><header class=\"eael-entry-header\"><h2 class=\"eael-entry-title\"><a class=\"eael-grid-post-link\" href=\"https:\/\/linkua.mx\/en\/aprendiendo-idiomas-con-la-ayuda-de-netflix-y-youtube\/\" title=\"(Espa\u00f1ol) Aprendiendo idiomas con la ayuda de Netflix y YouTube\">(Espa\u00f1ol) Aprendiendo idiomas con la ayuda de Netflix y YouTube<\/a><\/h2><\/header><div class=\"eael-entry-content\">\n                        <div class=\"eael-grid-post-excerpt\"><p>Sorry, this entry is only available in Espa\u00f1ol.<\/p><a href=\"https:\/\/linkua.mx\/en\/aprendiendo-idiomas-con-la-ayuda-de-netflix-y-youtube\/\" class=\"eael-post-elements-readmore-btn\">Leer m\u00e1s<\/a><\/div>\n                    <\/div><div class=\"eael-entry-footer\"><div class=\"eael-author-avatar\"><a href=\"https:\/\/linkua.mx\/en\/author\/ivan\/\"><img alt='Linkua' src='https:\/\/secure.gravatar.com\/avatar\/2ba45c7afcbf5e1b44330db4b1d8190b?s=96&#038;d=mm&#038;r=g' srcset='https:\/\/secure.gravatar.com\/avatar\/2ba45c7afcbf5e1b44330db4b1d8190b?s=192&#038;d=mm&#038;r=g 2x' class='avatar avatar-96 photo' height='96' width='96' \/><\/a><\/div><div class=\"eael-entry-meta\"><span class=\"eael-posted-by\"><a href=\"https:\/\/linkua.mx\/en\/author\/ivan\/\" title=\"Posts by Linkua\" rel=\"author\">Linkua<\/a><\/span><span class=\"eael-posted-on\"><time datetime=\"Monday September 13th, 2021\">Monday September 13th, 2021<\/time><\/span><\/div><\/div><\/div><\/div>\n        <\/div>\n    <\/article><article class=\"eael-grid-post  eael-post-grid-column eael-pg-post-159 category-idiomas\" data-id=\"159\">\n        <div class=\"eael-grid-post-holder\">\n            <div class=\"eael-grid-post-holder-inner\"><div class=\"eael-entry-media\"><div class=\"eael-entry-overlay fade-in\"><i class=\"fas fa-long-arrow-alt-right\" aria-hidden=\"true\"><\/i><a href=\"https:\/\/linkua.mx\/en\/el-5g-te-permitira-traducir-simultaneamente-todo-lo-que-digas-y-escuches-en-tiempo-real\/\"><\/a><\/div><div class=\"eael-entry-thumbnail \">\n                <img decoding=\"async\" width=\"300\" height=\"200\" src=\"https:\/\/linkua.mx\/wp-content\/uploads\/2021\/09\/linkua-about-1-300x200.jpg\" class=\"attachment-medium size-medium wp-image-119\" alt=\"\" srcset=\"https:\/\/linkua.mx\/wp-content\/uploads\/2021\/09\/linkua-about-1-300x200.jpg 300w, https:\/\/linkua.mx\/wp-content\/uploads\/2021\/09\/linkua-about-1-1024x682.jpg 1024w, https:\/\/linkua.mx\/wp-content\/uploads\/2021\/09\/linkua-about-1-768x512.jpg 768w, https:\/\/linkua.mx\/wp-content\/uploads\/2021\/09\/linkua-about-1.jpg 1031w\" sizes=\"(max-width: 300px) 100vw, 300px\" \/>\n            <\/div>\n        <\/div><div class=\"eael-entry-wrapper\"><header class=\"eael-entry-header\"><h2 class=\"eael-entry-title\"><a class=\"eael-grid-post-link\" href=\"https:\/\/linkua.mx\/en\/el-5g-te-permitira-traducir-simultaneamente-todo-lo-que-digas-y-escuches-en-tiempo-real\/\" title=\"(Espa\u00f1ol) El 5G te permitir\u00e1 traducir simult\u00e1neamente todo lo que digas y escuches en tiempo real\">(Espa\u00f1ol) El 5G te permitir\u00e1 traducir simult\u00e1neamente todo lo que digas y escuches en tiempo real<\/a><\/h2><\/header><div class=\"eael-entry-content\">\n                        <div class=\"eael-grid-post-excerpt\"><p>Sorry, this entry is only available in Espa\u00f1ol.<\/p><a href=\"https:\/\/linkua.mx\/en\/el-5g-te-permitira-traducir-simultaneamente-todo-lo-que-digas-y-escuches-en-tiempo-real\/\" class=\"eael-post-elements-readmore-btn\">Leer m\u00e1s<\/a><\/div>\n                    <\/div><div class=\"eael-entry-footer\"><div class=\"eael-author-avatar\"><a href=\"https:\/\/linkua.mx\/en\/author\/ivan\/\"><img alt='Linkua' src='https:\/\/secure.gravatar.com\/avatar\/2ba45c7afcbf5e1b44330db4b1d8190b?s=96&#038;d=mm&#038;r=g' srcset='https:\/\/secure.gravatar.com\/avatar\/2ba45c7afcbf5e1b44330db4b1d8190b?s=192&#038;d=mm&#038;r=g 2x' class='avatar avatar-96 photo' height='96' width='96' \/><\/a><\/div><div class=\"eael-entry-meta\"><span class=\"eael-posted-by\"><a href=\"https:\/\/linkua.mx\/en\/author\/ivan\/\" title=\"Posts by Linkua\" rel=\"author\">Linkua<\/a><\/span><span class=\"eael-posted-on\"><time datetime=\"Monday September 13th, 2021\">Monday September 13th, 2021<\/time><\/span><\/div><\/div><\/div><\/div>\n        <\/div>\n    <\/article><\/div>\n            <div class=\"clearfix\"><\/div>\n        <\/div>\t\t\t\t<\/div>\n\t\t\t\t<\/div>\n\t\t\t\t\t<\/div>\n\t\t<\/div>\n\t\t\t\t\t<\/div>\n\t\t<\/section>\n\t\t\t\t<\/div>\n\t\t","protected":false},"excerpt":{"rendered":"<p>ESTRATEGIAS PARA UN MEJOR Y M\u00c1S EFECTIVO APRENDIZAJE DE IDIOMAS \u00bfSabes qu\u00e9 son las estrategias cognitivas y metacognitivas? Siempre existen&#8230; Leer m\u00e1s Linkua25 de octubre de 2021 Aprendiendo idiomas con la ayuda de Netflix y YouTube Aunque conviene conocer las reglas gramaticales b\u00e1sicas del idioma que&#8230; Leer m\u00e1s Linkua13 de septiembre de 2021 El 5G [&hellip;]<\/p>\n","protected":false},"author":1,"featured_media":0,"parent":0,"menu_order":0,"comment_status":"closed","ping_status":"closed","template":"","meta":{"footnotes":""},"class_list":["post-162","page","type-page","status-publish","hentry"],"aioseo_notices":[],"_links":{"self":[{"href":"https:\/\/linkua.mx\/en\/wp-json\/wp\/v2\/pages\/162"}],"collection":[{"href":"https:\/\/linkua.mx\/en\/wp-json\/wp\/v2\/pages"}],"about":[{"href":"https:\/\/linkua.mx\/en\/wp-json\/wp\/v2\/types\/page"}],"author":[{"embeddable":true,"href":"https:\/\/linkua.mx\/en\/wp-json\/wp\/v2\/users\/1"}],"replies":[{"embeddable":true,"href":"https:\/\/linkua.mx\/en\/wp-json\/wp\/v2\/comments?post=162"}],"version-history":[{"count":3,"href":"https:\/\/linkua.mx\/en\/wp-json\/wp\/v2\/pages\/162\/revisions"}],"predecessor-version":[{"id":324,"href":"https:\/\/linkua.mx\/en\/wp-json\/wp\/v2\/pages\/162\/revisions\/324"}],"wp:attachment":[{"href":"https:\/\/linkua.mx\/en\/wp-json\/wp\/v2\/media?parent=162"}],"curies":[{"name":"wp","href":"https:\/\/api.w.org\/{rel}","templated":true}]}}